{"id":9,"date":"2025-05-07T20:58:00","date_gmt":"2025-05-07T18:58:00","guid":{"rendered":"https:\/\/awapracownia.pl\/?page_id=9"},"modified":"2025-10-27T18:01:04","modified_gmt":"2025-10-27T17:01:04","slug":"o-pracowni","status":"publish","type":"page","link":"https:\/\/awapracownia.pl\/?page_id=9","title":{"rendered":"o pracowni"},"content":{"rendered":"\n<p><strong>Witaj w mojej pracowni! <\/strong><\/p>\n\n\n\n<p>Od blisko dziesi\u0119ciu lat zajmuj\u0119 si\u0119 <strong>projektowaniem<\/strong> oraz <strong>prezentacj\u0105 wizualn\u0105 inwestycji <\/strong>&#8211; od pierwszego szkicu, a\u017c po realizacj\u0119. \u0141\u0105cz\u0119 <strong>do\u015bwiadczenie <\/strong>projektowe z <strong>kreatywno\u015bci\u0105<\/strong>, dbaj\u0105c o detale na ka\u017cdym etapie. My\u015bl\u0119 o przestrzeni w spos\u00f3b wra\u017cliwy i \u015bwiadomy. <strong>Pokazuj\u0119 charakter i emocje miejsca, zanim powstanie<\/strong>.<\/p>\n\n\n\n<p>Pracownia rozwija si\u0119 w dw\u00f3ch komplementarnych kierunkach:<\/p>\n\n\n\n<div class=\"wp-block-columns is-layout-flex wp-container-core-columns-is-layout-28f84493 wp-block-columns-is-layout-flex\">\n<div class=\"wp-block-column is-layout-flow wp-block-column-is-layout-flow\">\n<p><strong><strong>___<\/strong>projektowanie<\/strong> <strong>architektoniczne<\/strong><\/p>\n\n\n\n<p>kompleksowe opracowania projekt\u00f3w budowlanych i wykonawczych, skupione na odpowiedniej formie, funkcji, ergonomii i estetyce<\/p>\n\n\n\n<figure class=\"wp-block-gallery has-nested-images columns-default is-cropped wp-block-gallery-1 is-layout-flex wp-block-gallery-is-layout-flex\">\n<figure class=\"wp-block-image size-large\"><img loading=\"lazy\" decoding=\"async\" width=\"1204\" height=\"677\" data-id=\"238\" src=\"https:\/\/awapracownia.pl\/wp-content\/uploads\/2025\/10\/Zrzut-ekranu-2025-10-20-145203-edited.png\" alt=\"\" class=\"wp-image-238\" srcset=\"https:\/\/awapracownia.pl\/wp-content\/uploads\/2025\/10\/Zrzut-ekranu-2025-10-20-145203-edited.png 1204w, https:\/\/awapracownia.pl\/wp-content\/uploads\/2025\/10\/Zrzut-ekranu-2025-10-20-145203-edited-300x169.png 300w, https:\/\/awapracownia.pl\/wp-content\/uploads\/2025\/10\/Zrzut-ekranu-2025-10-20-145203-edited-1024x576.png 1024w, https:\/\/awapracownia.pl\/wp-content\/uploads\/2025\/10\/Zrzut-ekranu-2025-10-20-145203-edited-768x432.png 768w\" sizes=\"auto, (max-width: 1204px) 100vw, 1204px\" \/><\/figure>\n<\/figure>\n<\/div>\n\n\n\n<div class=\"wp-block-column is-layout-flow wp-block-column-is-layout-flow\">\n<p><strong><strong>___<\/strong>wizualizacje i materia\u0142y graficzne<\/strong><\/p>\n\n\n\n<p>identyfikacja wizualna i profesjonalne materia\u0142y prezentacyjne, kt\u00f3re oddaj\u0105 charakter projektu i emocje miejsca, ju\u017c na etapie koncepcji.<\/p>\n\n\n\n<figure class=\"wp-block-image size-large\"><img loading=\"lazy\" decoding=\"async\" width=\"2560\" height=\"1441\" src=\"https:\/\/awapracownia.pl\/wp-content\/uploads\/2025\/10\/Scene-21_upscale01-6-edited-3.png\" alt=\"\" class=\"wp-image-237\" srcset=\"https:\/\/awapracownia.pl\/wp-content\/uploads\/2025\/10\/Scene-21_upscale01-6-edited-3.png 2560w, https:\/\/awapracownia.pl\/wp-content\/uploads\/2025\/10\/Scene-21_upscale01-6-edited-3-300x169.png 300w, https:\/\/awapracownia.pl\/wp-content\/uploads\/2025\/10\/Scene-21_upscale01-6-edited-3-1024x576.png 1024w, https:\/\/awapracownia.pl\/wp-content\/uploads\/2025\/10\/Scene-21_upscale01-6-edited-3-768x432.png 768w, https:\/\/awapracownia.pl\/wp-content\/uploads\/2025\/10\/Scene-21_upscale01-6-edited-3-1536x865.png 1536w, https:\/\/awapracownia.pl\/wp-content\/uploads\/2025\/10\/Scene-21_upscale01-6-edited-3-2048x1153.png 2048w\" sizes=\"auto, (max-width: 2560px) 100vw, 2560px\" \/><\/figure>\n<\/div>\n<\/div>\n\n\n\n<p>Ka\u017cde zlecenie traktuj\u0119 jako szans\u0119 na stworzenie <strong>przestrzeni<\/strong> <strong>i opowie\u015bci o niej<\/strong>.<\/p>\n\n\n\n<p>Wierz\u0119, \u017ce <strong>dobra architektura<\/strong> <strong>zaczyna si\u0119 od rozmowy<\/strong>. Dlatego s\u0142ucham, doradzam i wsp\u00f3lnie z klientem <strong>poszukuj\u0119 rozwi\u0105za\u0144<\/strong>, \u0142\u0105cz\u0105cych estetyk\u0119 i funkcjonalno\u015b\u0107,  dopasowanych do wizji, potrzeb oraz mo\u017cliwo\u015bci finansowych.<\/p>\n\n\n\n<p><strong>Zapraszam do rozmowy!<\/strong> <\/p>\n\n\n\n<p><strong>mgr in\u017c. arch. Aleksandra Wyszy\u0144ska<\/strong><\/p>\n\n\n\n<ul class=\"wp-block-social-links is-layout-flex wp-block-social-links-is-layout-flex\"><li class=\"wp-social-link wp-social-link-mail  wp-block-social-link\"><a href=\"mailto:&#097;wy&#115;zy&#110;s&#107;a&#064;&#097;&#119;a&#112;ra&#099;&#111;wn&#105;a.pl\" class=\"wp-block-social-link-anchor\"><svg width=\"24\" height=\"24\" viewBox=\"0 0 24 24\" version=\"1.1\" xmlns=\"http:\/\/www.w3.org\/2000\/svg\" aria-hidden=\"true\" focusable=\"false\"><path d=\"M19,5H5c-1.1,0-2,.9-2,2v10c0,1.1.9,2,2,2h14c1.1,0,2-.9,2-2V7c0-1.1-.9-2-2-2zm.5,12c0,.3-.2.5-.5.5H5c-.3,0-.5-.2-.5-.5V9.8l7.5,5.6,7.5-5.6V17zm0-9.1L12,13.6,4.5,7.9V7c0-.3.2-.5.5-.5h14c.3,0,.5.2.5.5v.9z\"><\/path><\/svg><span class=\"wp-block-social-link-label screen-reader-text\">Mail<\/span><\/a><\/li><\/ul>\n","protected":false},"excerpt":{"rendered":"<p>Witaj w mojej pracowni! Od blisko dziesi\u0119ciu lat zajmuj\u0119 si\u0119 projektowaniem oraz prezentacj\u0105 wizualn\u0105 inwestycji &#8211; od pierwszego szkicu, a\u017c po realizacj\u0119. \u0141\u0105cz\u0119 do\u015bwiadczenie projektowe z kreatywno\u015bci\u0105, dbaj\u0105c o detale na ka\u017cdym etapie. My\u015bl\u0119 o przestrzeni w spos\u00f3b wra\u017cliwy i \u015bwiadomy. Pokazuj\u0119 charakter i emocje miejsca, zanim powstanie. Pracownia rozwija si\u0119 w dw\u00f3ch komplementarnych kierunkach: [&hellip;]<\/p>\n","protected":false},"author":1,"featured_media":0,"parent":0,"menu_order":0,"comment_status":"closed","ping_status":"closed","template":"","meta":{"footnotes":""},"class_list":["post-9","page","type-page","status-publish","hentry"],"_links":{"self":[{"href":"https:\/\/awapracownia.pl\/index.php?rest_route=\/wp\/v2\/pages\/9","targetHints":{"allow":["GET"]}}],"collection":[{"href":"https:\/\/awapracownia.pl\/index.php?rest_route=\/wp\/v2\/pages"}],"about":[{"href":"https:\/\/awapracownia.pl\/index.php?rest_route=\/wp\/v2\/types\/page"}],"author":[{"embeddable":true,"href":"https:\/\/awapracownia.pl\/index.php?rest_route=\/wp\/v2\/users\/1"}],"replies":[{"embeddable":true,"href":"https:\/\/awapracownia.pl\/index.php?rest_route=%2Fwp%2Fv2%2Fcomments&post=9"}],"version-history":[{"count":17,"href":"https:\/\/awapracownia.pl\/index.php?rest_route=\/wp\/v2\/pages\/9\/revisions"}],"predecessor-version":[{"id":308,"href":"https:\/\/awapracownia.pl\/index.php?rest_route=\/wp\/v2\/pages\/9\/revisions\/308"}],"wp:attachment":[{"href":"https:\/\/awapracownia.pl\/index.php?rest_route=%2Fwp%2Fv2%2Fmedia&parent=9"}],"curies":[{"name":"wp","href":"https:\/\/api.w.org\/{rel}","templated":true}]}}