{"id":2,"date":"2025-05-07T20:02:38","date_gmt":"2025-05-07T18:02:38","guid":{"rendered":"https:\/\/awapracownia.pl\/?page_id=2"},"modified":"2025-10-30T17:04:21","modified_gmt":"2025-10-30T16:04:21","slug":"przykladowa-strona","status":"publish","type":"page","link":"https:\/\/awapracownia.pl\/?page_id=2","title":{"rendered":"projektowanie"},"content":{"rendered":"\n<div class=\"wp-block-columns is-layout-flex wp-container-core-columns-is-layout-28f84493 wp-block-columns-is-layout-flex\">\n<div class=\"wp-block-column is-layout-flow wp-block-column-is-layout-flow\">\n<p><strong>Zajm\u0119 si\u0119 Twoim projektem kompleksowo!<\/strong><\/p>\n\n\n\n<p>od analiz formalno-prawnych i kluczow\u0105 faz\u0119 koncepcyjn\u0105, przez opracowanie wielobran\u017cowej dokumentacji budowlanej z pakietem profesjonalnych wizualizacji, grafik i animacji, a\u017c po nadz\u00f3r na budowie.<\/p>\n<\/div>\n<\/div>\n\n\n\n<blockquote class=\"wp-block-quote is-layout-flow wp-block-quote-is-layout-flow\">\n<p><strong>Tworz\u0119 przestrzenie z my\u015bl\u0105 o ludziach \u2013 z pasj\u0105, zaanga\u017cowaniem i szacunkiem dla kontekstu.<\/strong><\/p>\n<\/blockquote>\n\n\n\n<p><strong>Planujesz budow\u0119 inwestycyjnie lub masz ju\u017c projekt?<\/strong> Na podstawie dokumentacji opracuj\u0119 pakiet realistycznych wizualizacji i profesjonalnych materia\u0142\u00f3w graficznych, gotowych do u\u017cycia przy sprzeda\u017cy b\u0105d\u017a na potrzeby medi\u00f3w spo\u0142eczno\u015bciowych i kampanii reklamowych.<\/p>\n\n\n\n<p><strong>Specjaliz\u0119 si\u0119 w projektach obiekt\u00f3w:<\/strong><\/p>\n\n\n\n<div class=\"wp-block-columns is-layout-flex wp-container-core-columns-is-layout-28f84493 wp-block-columns-is-layout-flex\">\n<div class=\"wp-block-column is-layout-flow wp-block-column-is-layout-flow\">\n<p><strong>MIESZKALNYCH<\/strong><\/p>\n\n\n\n<figure class=\"wp-block-image size-large\"><img loading=\"lazy\" decoding=\"async\" width=\"1308\" height=\"736\" src=\"https:\/\/awapracownia.pl\/wp-content\/uploads\/2025\/10\/1760779547141-edited.png\" alt=\"\" class=\"wp-image-212\" srcset=\"https:\/\/awapracownia.pl\/wp-content\/uploads\/2025\/10\/1760779547141-edited.png 1308w, https:\/\/awapracownia.pl\/wp-content\/uploads\/2025\/10\/1760779547141-edited-300x169.png 300w, https:\/\/awapracownia.pl\/wp-content\/uploads\/2025\/10\/1760779547141-edited-1024x576.png 1024w, https:\/\/awapracownia.pl\/wp-content\/uploads\/2025\/10\/1760779547141-edited-768x432.png 768w\" sizes=\"auto, (max-width: 1308px) 100vw, 1308px\" \/><\/figure>\n<\/div>\n\n\n\n<div class=\"wp-block-column is-layout-flow wp-block-column-is-layout-flow\">\n<p><strong>PRODUKCYJNO-MAGAZYNOWYCH<\/strong><\/p>\n\n\n\n<figure class=\"wp-block-image size-large\"><img loading=\"lazy\" decoding=\"async\" width=\"1280\" height=\"720\" src=\"https:\/\/awapracownia.pl\/wp-content\/uploads\/2025\/10\/MAZZONI_MODEL-cegla4b-20250508-13h38m00s-edited.png\" alt=\"\" class=\"wp-image-210\" srcset=\"https:\/\/awapracownia.pl\/wp-content\/uploads\/2025\/10\/MAZZONI_MODEL-cegla4b-20250508-13h38m00s-edited.png 1280w, https:\/\/awapracownia.pl\/wp-content\/uploads\/2025\/10\/MAZZONI_MODEL-cegla4b-20250508-13h38m00s-edited-300x169.png 300w, https:\/\/awapracownia.pl\/wp-content\/uploads\/2025\/10\/MAZZONI_MODEL-cegla4b-20250508-13h38m00s-edited-1024x576.png 1024w, https:\/\/awapracownia.pl\/wp-content\/uploads\/2025\/10\/MAZZONI_MODEL-cegla4b-20250508-13h38m00s-edited-768x432.png 768w\" sizes=\"auto, (max-width: 1280px) 100vw, 1280px\" \/><\/figure>\n<\/div>\n<\/div>\n\n\n\n<hr class=\"wp-block-separator has-alpha-channel-opacity is-style-wide\"\/>\n\n\n\n<p>\u015awiadcz\u0119 kompleksowe us\u0142ugi projektowe w zakresie:<\/p>\n\n\n\n<ul class=\"wp-block-list\">\n<li><strong>Planowania Inwestycji<\/strong>: analizy formalne i funkcjonalno-przestrzenne, analiza ch\u0142onno\u015bci terenu, ocena potencja\u0142u inwestycyjnego, pomoc w wyborze dzia\u0142ki, opracowanie koncepcji projektowej<\/li>\n\n\n\n<li><strong>Sporz\u0105dzania wielobran\u017cowej dokumentacji<\/strong>: projekty zagospodarowania terenu, architektoniczno-budowlane, techniczne oraz wykonawcze budynk\u00f3w mieszkalnych, us\u0142ugowych i produkcyjno-magazynowych<\/li>\n\n\n\n<li><strong>Adaptacji projekt\u00f3w gotowych<\/strong>: projekt zagospodarowania dzia\u0142ki, przystosowanie projektu do warunk\u00f3w lokalnych i wymog\u00f3w formalnych<\/li>\n\n\n\n<li><strong>Aran\u017cacji przestrzeni<\/strong>: prywatnych i komercyjnych <\/li>\n\n\n\n<li><strong>Opracowania materia\u0142\u00f3w wizualnych Inwestycji<\/strong>: rzuty z aran\u017cacj\u0105 2D i 3D, modele, wizualizacje, widoki z lotu ptaka na uj\u0119ciach z drona<\/li>\n<\/ul>\n\n\n\n<hr class=\"wp-block-separator has-alpha-channel-opacity is-style-wide\"\/>\n\n\n\n<p><strong>Dlaczego warto ze mn\u0105 wsp\u00f3\u0142pracowa\u0107?<\/strong><\/p>\n\n\n\n<ul class=\"wp-block-list\">\n<li>wieloletnie do\u015bwiadczenie w projektowaniu<\/li>\n\n\n\n<li>projekt dopasowany do Ciebie, nie do szablonu<\/li>\n\n\n\n<li>rzetelnie i terminowo w mi\u0142ej atmosferze<\/li>\n\n\n\n<li>indywidualna wycena i uczciwe warunki wsp\u00f3\u0142pracy<\/li>\n\n\n\n<li>przejrzysto\u015b\u0107 etap\u00f3w i koszt\u00f3w<\/li>\n\n\n\n<li>transparentno\u015b\u0107 i zaufanie<\/li>\n<\/ul>\n\n\n\n<div class=\"wp-block-buttons is-content-justification-center is-layout-flex wp-container-core-buttons-is-layout-a89b3969 wp-block-buttons-is-layout-flex\">\n<div class=\"wp-block-button is-style-outline is-style-outline--1\"><a class=\"wp-block-button__link wp-element-button\" href=\"https:\/\/awapracownia.pl\/?page_id=122\">Zobacz, jak wygl\u0105da proces projektowy<\/a><\/div>\n<\/div>\n\n\n\n<p>Rozumiem, \u017ce <strong>ka\u017cdy projekt to inna historia<\/strong> \u2013 inna lokalizacja, funkcja i inne potrzeby u\u017cytkownika, dlatego <strong>ka\u017cd\u0105 ofert\u0119 przygotowuj\u0119 indywidualnie<\/strong>, po wcze\u015bniejszej analizie za\u0142o\u017ce\u0144 oraz rozmowie z klientem.<br>Dzi\u0119ki temu masz pewno\u015b\u0107, \u017ce otrzymasz <strong>projekt skrojony na miar\u0119<\/strong> \u2013 kt\u00f3ry b\u0119dzie odpowiedzi\u0105 na <strong>Twoj\u0105 wizj\u0119, potrzeby i mo\u017cliwo\u015bci.<\/strong>Zapraszam do rozmowy!<\/p>\n\n\n\n<p><strong>AWA pracownia<\/strong><\/p>\n\n\n\n<ul class=\"wp-block-social-links is-layout-flex wp-block-social-links-is-layout-flex\"><li class=\"wp-social-link wp-social-link-mail  wp-block-social-link\"><a href=\"mailto:&#097;wys&#122;y&#110;sk&#097;&#064;a&#119;apra&#099;o&#119;&#110;ia.p&#108;\" class=\"wp-block-social-link-anchor\"><svg width=\"24\" height=\"24\" viewBox=\"0 0 24 24\" version=\"1.1\" xmlns=\"http:\/\/www.w3.org\/2000\/svg\" aria-hidden=\"true\" focusable=\"false\"><path d=\"M19,5H5c-1.1,0-2,.9-2,2v10c0,1.1.9,2,2,2h14c1.1,0,2-.9,2-2V7c0-1.1-.9-2-2-2zm.5,12c0,.3-.2.5-.5.5H5c-.3,0-.5-.2-.5-.5V9.8l7.5,5.6,7.5-5.6V17zm0-9.1L12,13.6,4.5,7.9V7c0-.3.2-.5.5-.5h14c.3,0,.5.2.5.5v.9z\"><\/path><\/svg><span class=\"wp-block-social-link-label screen-reader-text\">Mail<\/span><\/a><\/li><\/ul>\n","protected":false},"excerpt":{"rendered":"<p>Zajm\u0119 si\u0119 Twoim projektem kompleksowo! od analiz formalno-prawnych i kluczow\u0105 faz\u0119 koncepcyjn\u0105, przez opracowanie wielobran\u017cowej dokumentacji budowlanej z pakietem profesjonalnych wizualizacji, grafik i animacji, a\u017c po nadz\u00f3r na budowie. Tworz\u0119 przestrzenie z my\u015bl\u0105 o ludziach \u2013 z pasj\u0105, zaanga\u017cowaniem i szacunkiem dla kontekstu. Planujesz budow\u0119 inwestycyjnie lub masz ju\u017c projekt? Na podstawie dokumentacji opracuj\u0119 pakiet [&hellip;]<\/p>\n","protected":false},"author":1,"featured_media":0,"parent":0,"menu_order":0,"comment_status":"closed","ping_status":"open","template":"","meta":{"footnotes":""},"class_list":["post-2","page","type-page","status-publish","hentry"],"_links":{"self":[{"href":"https:\/\/awapracownia.pl\/index.php?rest_route=\/wp\/v2\/pages\/2","targetHints":{"allow":["GET"]}}],"collection":[{"href":"https:\/\/awapracownia.pl\/index.php?rest_route=\/wp\/v2\/pages"}],"about":[{"href":"https:\/\/awapracownia.pl\/index.php?rest_route=\/wp\/v2\/types\/page"}],"author":[{"embeddable":true,"href":"https:\/\/awapracownia.pl\/index.php?rest_route=\/wp\/v2\/users\/1"}],"replies":[{"embeddable":true,"href":"https:\/\/awapracownia.pl\/index.php?rest_route=%2Fwp%2Fv2%2Fcomments&post=2"}],"version-history":[{"count":19,"href":"https:\/\/awapracownia.pl\/index.php?rest_route=\/wp\/v2\/pages\/2\/revisions"}],"predecessor-version":[{"id":344,"href":"https:\/\/awapracownia.pl\/index.php?rest_route=\/wp\/v2\/pages\/2\/revisions\/344"}],"wp:attachment":[{"href":"https:\/\/awapracownia.pl\/index.php?rest_route=%2Fwp%2Fv2%2Fmedia&parent=2"}],"curies":[{"name":"wp","href":"https:\/\/api.w.org\/{rel}","templated":true}]}}