{"id":122,"date":"2025-10-06T17:51:22","date_gmt":"2025-10-06T15:51:22","guid":{"rendered":"https:\/\/awapracownia.pl\/?page_id=122"},"modified":"2025-10-28T09:10:27","modified_gmt":"2025-10-28T08:10:27","slug":"grafika","status":"publish","type":"page","link":"https:\/\/awapracownia.pl\/?page_id=122","title":{"rendered":"proces projektowy"},"content":{"rendered":"\n<p><strong>Jak wygl\u0105da proces wsp\u00f3\u0142pracy?<\/strong><\/p>\n\n\n\n<ol class=\"wp-block-list\">\n<li><strong>Wizja lokalna<\/strong> i przekazanie materia\u0142\u00f3w<\/li>\n\n\n\n<li><strong>Rozmowa<\/strong> i ustalenie g\u0142\u00f3wnych za\u0142o\u017ce\u0144 projektowych<\/li>\n\n\n\n<li><strong>Analiza<\/strong> miejscowego planu zagospodarowania przestrzennego lub warunk\u00f3w zabudowy oraz pozosta\u0142ych dokument\u00f3w formalno-prawnych<\/li>\n\n\n\n<li><strong>Projekt koncepcyjny<\/strong> obejmuje wst\u0119pne zagospodarowanie dzia\u0142ki, schematyczne rzuty i opracowanie bry\u0142y budynku. Na tym etapie trwa dyskusja nad projektem oraz wsp\u00f3lne poszukiwanie optymalnych rozwi\u0105za\u0144. <\/li>\n\n\n\n<li><strong>Projekt zagospodarowania dzia\u0142ki oraz projekt architektoniczno-budowlany<\/strong> to dwie pierwsze cz\u0119\u015bci dokumentacji projektowej sk\u0142adane do wydzia\u0142u architektoniczno-budowlanego wraz z wnioskiem o pozwolenie na budow\u0119 oraz wymaganymi za\u0142\u0105cznikami formalnymi. <\/li>\n\n\n\n<li><strong>Projekt techniczny<\/strong> to trzecia cz\u0119\u015b\u0107 projektu budowlanego, kt\u00f3ra zawiera projekty bran\u017cowe, czyli projekt konstrukcyjny, projekt instalacji sanitarnych, elektrycznych oraz wszelkie niezb\u0119dne opracowania. <\/li>\n\n\n\n<li><strong>Projekt wykonawczy<\/strong> to uszczeg\u00f3\u0142owiony projekt budowlany, opracowanie wielobran\u017cowe zawieraj\u0105ce detale architektoniczne oraz zestawienia dla wykonawc\u00f3w. Do nieskomplikowanych budynk\u00f3w np. prostych dom\u00f3w jednorodzinnych mo\u017cna opracowa\u0107 projekt wykonawczy w ograniczonym zakresie np. tylko konstrukcji, aby umo\u017cliwi\u0107 budow\u0119.<\/li>\n\n\n\n<li><strong>Nadz\u00f3r autorski <\/strong>czyli sprawdzanie zgodno\u015bci realizacji z projektem oraz uzgadnianie mo\u017cliwo\u015bci wprowadzania rozwi\u0105za\u0144 zamiennych<\/li>\n<\/ol>\n\n\n\n<figure class=\"wp-block-image size-full\"><img loading=\"lazy\" decoding=\"async\" width=\"851\" height=\"315\" src=\"https:\/\/awapracownia.pl\/wp-content\/uploads\/2025\/10\/w_tle.png\" alt=\"\" class=\"wp-image-320\" srcset=\"https:\/\/awapracownia.pl\/wp-content\/uploads\/2025\/10\/w_tle.png 851w, https:\/\/awapracownia.pl\/wp-content\/uploads\/2025\/10\/w_tle-300x111.png 300w, https:\/\/awapracownia.pl\/wp-content\/uploads\/2025\/10\/w_tle-768x284.png 768w\" sizes=\"auto, (max-width: 851px) 100vw, 851px\" \/><\/figure>\n","protected":false},"excerpt":{"rendered":"<p>Jak wygl\u0105da proces wsp\u00f3\u0142pracy?<\/p>\n","protected":false},"author":1,"featured_media":0,"parent":0,"menu_order":0,"comment_status":"closed","ping_status":"closed","template":"","meta":{"footnotes":""},"class_list":["post-122","page","type-page","status-publish","hentry"],"_links":{"self":[{"href":"https:\/\/awapracownia.pl\/index.php?rest_route=\/wp\/v2\/pages\/122","targetHints":{"allow":["GET"]}}],"collection":[{"href":"https:\/\/awapracownia.pl\/index.php?rest_route=\/wp\/v2\/pages"}],"about":[{"href":"https:\/\/awapracownia.pl\/index.php?rest_route=\/wp\/v2\/types\/page"}],"author":[{"embeddable":true,"href":"https:\/\/awapracownia.pl\/index.php?rest_route=\/wp\/v2\/users\/1"}],"replies":[{"embeddable":true,"href":"https:\/\/awapracownia.pl\/index.php?rest_route=%2Fwp%2Fv2%2Fcomments&post=122"}],"version-history":[{"count":11,"href":"https:\/\/awapracownia.pl\/index.php?rest_route=\/wp\/v2\/pages\/122\/revisions"}],"predecessor-version":[{"id":321,"href":"https:\/\/awapracownia.pl\/index.php?rest_route=\/wp\/v2\/pages\/122\/revisions\/321"}],"wp:attachment":[{"href":"https:\/\/awapracownia.pl\/index.php?rest_route=%2Fwp%2Fv2%2Fmedia&parent=122"}],"curies":[{"name":"wp","href":"https:\/\/api.w.org\/{rel}","templated":true}]}}